{"id":279,"date":"2023-05-31T21:49:21","date_gmt":"2023-05-31T18:49:21","guid":{"rendered":"http:\/\/ozananitulescu.ro\/blog\/?page_id=279"},"modified":"2023-06-24T17:27:55","modified_gmt":"2023-06-24T14:27:55","slug":"politica-de-confidentialitate","status":"publish","type":"page","link":"https:\/\/ozanamiron.ro\/blog\/politica-de-confidentialitate\/","title":{"rendered":"Politica de confiden\u021bialitate"},"content":{"rendered":"\n<h3 class=\"wp-block-heading\">Despre mine<\/h3>\n\n\n\n<p>Sunt Ozana Miron \u0219i sunt psihoterapeut format \u00een psihoterapia centrat\u0103 pe persoan\u0103. Lucrez cu persoane individuale \u0219i cu grupuri \u0219i \u00een paralel \u00eemi place s\u0103 \u00eenv\u0103\u021b \u0219i s\u0103 scriu. Sunt curioas\u0103 despre lume \u0219i despre cum se produc schimb\u0103rile \u0219i contribui cum pot la crearea unei vie\u021bi mai bune at\u00e2t pentru mine \u0219i oamenii din jurul meu, c\u00e2t \u0219i pentru persoanele cu care lucrez. Acesta este un blog, dar pute\u021bi citi mai multe despre cine sunt \u0219i ce fac <a href=\"https:\/\/ozanamiron.ro\" target=\"_blank\" rel=\"noopener\">pe site-ul meu<\/a>.<\/p>\n\n\n\n<p>Practic psihoterapia prin cabinetul meu \u00eenregistrat la Colegiul Psihologilor din Rom\u00e2nia cu codul 1BV5538, cu denumirea Miron Ozana Raluca, Cabinet Individual de Psihologie, \u0219i cu sediul \u00een Str. Constantin Dobrogeanu Gherea 81, bl. B3, ap. 14, Bra\u0219ov, Bra\u0219ov 500288, Rom\u00e2nia. <\/p>\n\n\n\n<p>M\u0103 pute\u021bi contacta prin po\u0219t\u0103 la adresa de mai sus, prin e-mail la adresa contact@ozanamiron.ro, sau la telefon +40727909386. <\/p>\n\n\n\n<p>Apar\u021bin deopotriv\u0103 Colegiului Psihologilor din Rom\u00e2nia (unde am codul personal 09578 \u00een <a href=\"https:\/\/www.copsi.ro\/index.php\/registre\" target=\"_blank\" rel=\"noreferrer noopener\">Registrul Unic al Psihologilor<\/a>, Partea I), <a href=\"https:\/\/psihoterapiecentratapepersoana.ro\" target=\"_blank\" rel=\"noreferrer noopener\">Asocia\u021biei Rom\u00e2ne de Psihoterapie Centrat\u0103 pe Persoan\u0103<\/a> \u0219i <a href=\"https:\/\/www.psihoterapie.ro\" target=\"_blank\" rel=\"noreferrer noopener\">Federa\u021biei Rom\u00e2ne de Psihoterapie<\/a>. <\/p>\n\n\n\n<p>Acest document a fost ultima oar\u0103 actualizat la 31 mai 2023 \u0219i este \u00een vigoare.<\/p>\n\n\n\n<p>Politica de confiden\u021bialitate v\u0103 informeaz\u0103 despre colectarea, folosirea \u0219i divulgarea  informa\u021biilor dumneavoastr\u0103 pe care acest site (https:\/\/ozanamiron.ro, care include \u0219i https:\/\/ozanamiron.ro\/blog) (\u201eSite-ul\u201d) le acceseaz\u0103 atunci c\u00e2nd \u00eel naviga\u021bi \u0219i interac\u021biona\u021bi cu el. Continu\u00e2ndu-v\u0103 experien\u021ba pe acest site, sunte\u021bi de acord cu felurile \u00een care el v\u0103 colecteaz\u0103, folose\u0219te \u0219i divulg\u0103 informa\u021biile, \u00een conformitate cu aceast\u0103 politic\u0103 de confiden\u021bialitate. Dac\u0103 nu sunte\u021bi de acord cu cele de mai jos, v\u0103 rog nu accesa\u021bi sau folosi\u021bi site-ul. <\/p>\n\n\n\n<p>Acest document (Politica de confiden\u021bialitate) se poate modifica oric\u00e2nd f\u0103r\u0103 vreo avertizare prealabil\u0103 fa\u021b\u0103 de dumneavoastr\u0103, \u0219i varianta revizuit\u0103 \u0219i actualizat\u0103 va fi postat\u0103 aici. De aceea v\u0103 recomand s\u0103 verifica\u021bi periodic aceast\u0103 pagin\u0103. <\/p>\n\n\n\n<h3 class=\"wp-block-heading\">Ce date personale folose\u0219te Site-ul<\/h3>\n\n\n\n<p>Atunci c\u00e2nd naviga\u021bi pe acest Site v\u0103 pot fi colectate diferite informa\u021bii. \u00cen principiu, acestea pot fi date personale (nume sau adres\u0103 de e-mail, de exemplu, dar \u0219i adresa IP &#8211; \u00een cazul \u00een care completa\u021bi vreun formular \u00een care v\u0103 sunt cerute), sau date tehnice (cum ar fi informa\u021biile care \u021bin de cookies). <\/p>\n\n\n\n<h4 class=\"wp-block-heading\">Comentarii<\/h4>\n\n\n\n<p>Atunci c\u00e2nd vizitatorii las\u0103 comentarii pe Site, sunt colectate datele care apar \u00een formularul pentru comentariu, precum \u0219i adresa IP \u0219i datele legate de browserul folosit, pentru a departaja mesajele spam de cele reale.<\/p>\n\n\n\n<p>De asemenea, un \u0219ir anonimizat de date creat pornind de la adresa dumneavoastr\u0103 de e-mail va fi trimis c\u0103tre serviciul Gravatar pentru a verifica dac\u0103 sunte\u021bi sau nu un utilizator al acestui serviciu. Politica de confiden\u021bialitate folosit\u0103 de Gravatar poate fi consultat\u0103 aici: https:\/\/automattic.com\/privacy\/. Dup\u0103 aprobarea comentariului dumneavoastr\u0103, poza dumneavoastr\u0103 de profil Gravatar (dac\u0103 ave\u021bi a\u0219a ceva) va fi vizibil\u0103 publicului \u00een contextul comentariului pe care l-a\u021bi l\u0103sat. <\/p>\n\n\n\n<h4 class=\"wp-block-heading\">Media<\/h4>\n\n\n\n<p>Dac\u0103 \u00eenc\u0103rca\u021bi imagini pe Site, ar fi de evitat \u00eenc\u0103rcarea imaginilor cu datele de loca\u021bie \u00eencorporate (EXIF GPS) incluse. Vizitatorii Site-ului pot \u00een acest caz desc\u0103rca \u0219i extrage orice date de loca\u021bie din imaginile de pe Site. <\/p>\n\n\n\n<h4 class=\"wp-block-heading\">Formulare de contact<\/h4>\n\n\n\n<p>\u00cen acest moment, singurul formular din Site se g\u0103se\u0219te la sec\u021biunea \u201eLink-uri utile\u201d \u0219i reprezint\u0103 un formular de \u00eenscriere la newsletter, operat de Mailchimp. \u00cen el se cer adresa de e-mail, numele \u0219i prenumele, data na\u0219terii \u0219i domeniul \u00een care lucra\u021bi &#8211; toate aceste date sunt la r\u00e2ndul lor protejate de <a href=\"https:\/\/mailchimp.com\/legal\/terms\/\" target=\"_blank\" rel=\"noreferrer noopener\">politica de confiden\u021bialitate a Mailchimp<\/a>. Informa\u021biile din formular sunt folosite pentru a v\u0103 trimite newsletter-ul la care v-a\u021bi abonat \u0219i pentru a \u00eemi face o idee despre persoanele c\u0103rora m\u0103 adresez \u0219i nevoile lor de la mine prin intermediul acestor platforme, cu scopul de a v\u0103 aduce informa\u021bii relevante \u0219i semnificative. Le p\u0103strez at\u00e2ta timp c\u00e2t r\u0103m\u00e2ne\u021bi abona\u021bi \u0219i nu sunt folosite \u00een alte scopuri dec\u00e2t cele men\u021bionate la abonare. <\/p>\n\n\n\n<h4 class=\"wp-block-heading\">Cookie-uri<\/h4>\n\n\n\n<p>Atunci c\u00e2nd l\u0103sa\u021bi comentarii pe Site pute\u021bi opta ca numele, adresa de e-mail \u0219i website-ul s\u0103 v\u0103 fie salvate \u00een cookie-uri. Acestea sunt folosite pentru a v\u0103 u\u0219ura procesul \u0219i pentru a nu mai fi nevoi\u021bi s\u0103 v\u0103 introduce\u021bi datele din nou data viitoare c\u00e2nd l\u0103sa\u021bi un comentariu. Aceste cookie-uri sunt p\u0103strate timp de un an de zile. <\/p>\n\n\n\n<p>Pentru a afla mai multe despre aceste tehnologii de urm\u0103rire (cookie-urile), v\u0103 rog s\u0103 consulta\u021bi <a href=\"https:\/\/ozanamiron.ro\/blog\/politica-setarilor-cookie\/\" target=\"_blank\" rel=\"noreferrer noopener\">Politica set\u0103rilor cookie<\/a>.<\/p>\n\n\n\n<h4 class=\"wp-block-heading\">Con\u021binut \u00eencorporat care provine de la alte site-uri <\/h4>\n\n\n\n<p>Articolele de pe acest Site pot include con\u021binut \u00eencorporat (e.g. video-uri, imagini, alte articole, etc.). Con\u021binutul \u00eencorporat care provine de la alte site-uri se comport\u0103 \u00een acela\u0219i mod ca \u0219i c\u00e2nd vizitatorul ar fi intrat pe site-ul respectiv (sursa). Aceste site-uri web pot colecta date despre dumneavoastr\u0103, folosi cookie-uri, \u00eencorpora urm\u0103rire adi\u021bional\u0103 de la ter\u021bi, \u0219i monitoriza interac\u021biunea dumneavoastr\u0103 cu con\u021binutul \u00eencorporat, inlcusiv &#8211; \u00een cazul \u00een care ave\u021bi cont \u0219i sunte\u021bi logat \u00een website-ul respectiv &#8211; pot urm\u0103ri interac\u021biunea cu con\u021binutul \u00eencorporat. <\/p>\n\n\n\n<h4 class=\"wp-block-heading\">Date analitice<\/h4>\n\n\n\n<p>Acest Site este monitorizat prin Google Analytics, pentru a analiza traficul \u0219i a vedea de exemplu ce articole sunt mai des citite, c\u00e2\u021bi vizitatori are Site-ul, \u0219i \u00eenc\u0103 c\u00e2teva informa\u021bii generale despre ace\u0219tia (cum ar fi tipul de dispozitiv de pe care interac\u021bioneaz\u0103 cu Site-ul, sau \u021bara de provenien\u021b\u0103). Aceste informa\u021bii sunt folosite  pentru evaluarea site-ului, dar pot fi de asemenea utilizate \u0219i pentru a crea ulterior publicitate mai \u021bintit\u0103. Pute\u021bi citi mai multe despre politicile Google <a href=\"https:\/\/policies.google.com\/technologies\/partner-sites\" target=\"_blank\" rel=\"noreferrer noopener\">aici<\/a> \u0219i <a href=\"https:\/\/support.google.com\/analytics\/answer\/6004245\" target=\"_blank\" rel=\"noreferrer noopener\">aici<\/a> &#8211; despre cum v\u0103 pute\u021bi proteja informa\u021biile.<\/p>\n\n\n\n<h3 class=\"wp-block-heading\"><strong>Cum v\u0103 folose\u0219te acest Site informa\u021biile: <\/strong><\/h3>\n\n\n\n<p>Scopurile pentru care sunt folosite informa\u021biile dumneavoastr\u0103 sunt urm\u0103toarele:<\/p>\n\n\n\n<ul>\n<li>Informa\u021bii de administrare<\/li>\n\n\n\n<li>Protec\u021bia site-ului<\/li>\n\n\n\n<li>Colectarea de feed-back din partea vizitatorilor<\/li>\n\n\n\n<li>Marketing \/ promo\u021bii<\/li>\n\n\n\n<li>Testimoniale<\/li>\n\n\n\n<li>Publicitate \u021bintit\u0103<\/li>\n\n\n\n<li>Comentarii ale vizitatorilor<\/li>\n\n\n\n<li>Gestionarea conturilor vizitatorilor <\/li>\n<\/ul>\n\n\n\n<p>Pentru orice alt scop vi se va cere permisiunea \u00een mod specific, \u0219i datele vor fi folosite numai dup\u0103 ob\u021binerea consim\u021b\u0103m\u00e2ntului, apoi numai pentru scopurile men\u021bionate \u00een cererea consim\u021b\u0103m\u00e2ntului, dac\u0103 nu se cere altfel prin lege. <\/p>\n\n\n\n<h3 class=\"wp-block-heading\">Cum v\u0103 sunt \u00eemp\u0103rt\u0103\u0219ite informa\u021biile: <\/h3>\n\n\n\n<p>Prin acest Site nu se transfer\u0103 informa\u021biile personale ale vizitatorilor c\u0103tre ter\u021bi f\u0103r\u0103 a li cere consim\u021b\u0103m\u00e2ntul, except\u00e2nd circumstan\u021bele limitate la descrierile de mai jos: <\/p>\n\n\n\n<ul>\n<li>Servicii de publicitate <\/li>\n\n\n\n<li>Servicii de analiz\u0103<\/li>\n<\/ul>\n\n\n\n<p>Informa\u021biile necesare acestor ter\u021bi (dup\u0103 cum am specificat \u00een sec\u021biunea \u201eDate analitice\u201d) sunt transferate doar pentru scopurile men\u021bionate \u0219i sunt re\u021binute doar pentru perioada de timp necesar\u0103 pentru \u00eendeplinirea acestor scopuri. <\/p>\n\n\n\n<p>Datele dumneavoastr\u0103 personale mai pot fi dezv\u0103luite pentru: (1) a respecta legea, regulamentul, ordinul judec\u0103toresc sau alte proceduri legale aplicabile; (2) pentru a v\u0103 pune \u00een aplicare acordurile cu noi, inclusiv aceast\u0103 Politic\u0103 de confiden\u021bialitate; sau (3) pentru a r\u0103spunde la afirma\u021biile conform c\u0103rora utilizarea Site-ului \u00eencalc\u0103 orice drept al ter\u021bilor. <\/p>\n\n\n\n<h3 class=\"wp-block-heading\">C\u00e2t timp v\u0103 sunt re\u021binute datele personale<\/h3>\n\n\n\n<p>Dac\u0103 l\u0103sa\u021bi un comentariu, comentariul \u0219i metadatele sale sunt p\u0103strate pe termen nelimitat. Acest lucru este astfel, \u00eenc\u00e2t s\u0103 pot recunoa\u0219te \u0219i aproba automat orice comentarii ulterioare, \u00een loc s\u0103 le \u021bin \u00eentr-o coad\u0103 de moderare.<\/p>\n\n\n\n<h3 class=\"wp-block-heading\">Drepturile dumneavoastr\u0103<\/h3>\n\n\n\n<p>\u00cen func\u021bie de legea aplicabil\u0103, pute\u021bi avea dreptul de a v\u0103 accesa, rectifica sau \u0219terge datele personale, de a primi o copie a datelor dumneavoastr\u0103 personale, de a restric\u021biona sau de a obiecta fa\u021b\u0103 de procesarea activ\u0103 a datelor dumneavoastr\u0103, de a ne cere s\u0103 \u00eemp\u0103rt\u0103\u0219im (sau s\u0103 mut\u0103m) datele dumneavoastr\u0103 c\u0103tre o alt\u0103 entitate, de a v\u0103 retrage orice consim\u021b\u0103m\u00e2nt a\u021bi dat ca informa\u021biile dumneavoastr\u0103 s\u0103 fie procesate, dreptul de a depune o pl\u00e2ngere la o autoritate statutar\u0103 \u0219i orice alte drepturi care pot fi relevante \u00een conformitate cu legile aplicabile. (Aceste drepturi se refer\u0103 \u00een principal la situa\u021biile \u00een care a\u021bi completat vreun formular, \u0219i nu la informa\u021biile folosite \u00een scopuri administrative, de securitate, sau pentru respectarea reglement\u0103rilor legale). Pentru exercitarea acestor drepturi, \u00eemi pute\u021bi scrie la contact@ozanamiron.ro. Voi r\u0103spunde solicit\u0103rii dumneavoastr\u0103 \u00een conformitate cu legisla\u021bia \u00een vigoare. <\/p>\n\n\n\n<p>Pute\u021bi renun\u021ba la comunic\u0103rile de marketing direct (prin newsletter, adic\u0103), scriindu-mi la contact@ozanamiron.ro.<\/p>\n\n\n\n<p>Re\u021bine\u021bi c\u0103, dac\u0103 nu permite\u021bi Site-ului colectarea sau procesarea informa\u021biilor personale necesare sau s\u0103 v\u0103 retrage\u021bi consim\u021b\u0103m\u00e2ntul pentru a le procesa \u00een scopurile solicitate, este posibil s\u0103 nu pute\u021bi accesa sau utiliza serviciile pentru care au fost cerute informa\u021biile dumneavoastr\u0103.<\/p>\n\n\n\n<h3 class=\"wp-block-heading\">Securitate<\/h3>\n\n\n\n<p>Securitatea informa\u021biilor dumneavoastr\u0103 este important\u0103 pentru mine \u0219i voi lua toate m\u0103surile rezonabile de securitate pentru a preveni pierderea, utilizarea gre\u0219it\u0103 sau modificarea neautorizat\u0103 a informa\u021biilor dumneavoastr\u0103 de sub controlul meu. Cu toate acestea, av\u00e2nd \u00een vedere riscurile inerente, nu pot garanta securitatea absolut\u0103 \u0219i, \u00een consecin\u021b\u0103, nu pot asigura sau garanta securitatea oric\u0103rei informa\u021bii pe care le transmite\u021bi, \u0219i o face\u021bi pe propriul risc.<\/p>\n\n\n\n<h3 class=\"wp-block-heading\">Link-uri c\u0103tre ter\u021bi \u0219i folosirea datelor dumneavoastr\u0103<\/h3>\n\n\n\n<p>Acest Site poate con\u021bine link-uri c\u0103tre alte site-uri web care nu sunt operate de c\u0103tre mine. Aceast\u0103 Politic\u0103 de confiden\u021bialitate nu adreseaz\u0103 \u0219i politicile de confiden\u021bialitate \u0219i practicile ter\u021bilor, inlcusiv orice alt website sau serviciu care poate fi accesat printr-un link pe Site. V\u0103 recomand s\u0103 revizui\u021bi politica de confiden\u021bialitate a fiec\u0103rui site pe care \u00eel vizita\u021bi. Eu nu de\u021bin controlul \u0219i nu \u00eemi asum nicio responsabilitate pentru con\u021binutul, poli\u021bele \u0219i practicile de confiden\u021bialitate ale oric\u0103rui site sau serviciu ter\u021b. <\/p>\n\n\n\n<h3 class=\"wp-block-heading\">Reclama\u021bii \/ Responsabil cu protec\u021bia datelor:<\/h3>\n\n\n\n<p>Dac\u0103 ave\u021bi \u00eentreb\u0103ri sau nel\u0103muriri cu privire la prelucrarea informa\u021biilor dumneavoastr\u0103 prin acest Site, m\u0103 pute\u021bi contacta la adresa po\u0219tal\u0103 &#8211; Miron Ozana Raluca, Cabinet Individual de Psihologie, Str. Constantin Dobrogeanu Gherea 81, bl. B3, ap. 14, Bra\u0219ov, Rom\u00e2nia &#8211; sau la email: contact@ozanamiron.ro. Vom aborda preocup\u0103rile dumneavoastr\u0103 \u00een conformitate cu legisla\u021bia \u00een vigoare.<\/p>\n\n\n\n<p>De asemenea, pentru chestiuni care \u021bin etic\u0103 \u0219i deontologie pute\u021bi scrie <a href=\"https:\/\/psihoterapiecentratapepersoana.ro\/contact\/\" target=\"_blank\" rel=\"noreferrer noopener\">Asocia\u021biei Rom\u00e2ne de Psihoterapie Centrat\u0103 pe Persoan\u0103<\/a>, <a href=\"https:\/\/www.psihoterapie.ro\/federatia-romana-de-psihoterapie\/comisia-pentru-etica\/\" target=\"_blank\" rel=\"noreferrer noopener\">Federa\u021biei Rom\u00e2ne de Psihoterapie<\/a> sau <a href=\"https:\/\/www.copsi.ro\/index.php\/comisii\/comisia-de-deontologie-si-disciplina\" target=\"_blank\" rel=\"noreferrer noopener\">Colegiului Psihologilor din Rom\u00e2nia<\/a>.  <\/p>\n\n\n\n<p>Aceast\u0103 Politic\u0103 de confiden\u021bialitate a fost par\u021bial generat\u0103 prin CookieYes, par\u021bial scris\u0103 de mine, urm\u00e2nd indica\u021biile oferite de WordPress.<\/p>\n","protected":false},"excerpt":{"rendered":"<p>Despre mine Sunt Ozana Miron \u0219i sunt psihoterapeut format \u00een psihoterapia centrat\u0103 pe persoan\u0103. Lucrez cu persoane individuale \u0219i cu grupuri \u0219i \u00een paralel \u00eemi place s\u0103 \u00eenv\u0103\u021b \u0219i s\u0103 scriu. Sunt curioas\u0103 despre lume \u0219i despre cum se produc schimb\u0103rile \u0219i contribui cum pot la crearea unei vie\u021bi mai bune at\u00e2t pentru mine \u0219i &hellip; <a href=\"https:\/\/ozanamiron.ro\/blog\/politica-de-confidentialitate\/\" class=\"more-link\">Continue reading <span class=\"screen-reader-text\">Politica de confiden\u021bialitate<\/span><\/a><\/p>\n","protected":false},"author":1,"featured_media":0,"parent":0,"menu_order":0,"comment_status":"closed","ping_status":"closed","template":"","meta":{"jetpack_post_was_ever_published":false,"footnotes":""},"yoast_head":"<!-- This site is optimized with the Yoast SEO plugin v24.5 - https:\/\/yoast.com\/wordpress\/plugins\/seo\/ -->\n<title>Politica de confiden\u021bialitate - Ozana Miron<\/title>\n<meta name=\"description\" content=\"Aici g\u0103si\u021bi informa\u021bii despre ce, cum, pentru ce \u0219i c\u00e2t timp sunt folosite datele dvs. personale, \u0219i despre drepturile pe care le ave\u021bi.\" \/>\n<meta name=\"robots\" content=\"index, follow, max-snippet:-1, max-image-preview:large, max-video-preview:-1\" \/>\n<link rel=\"canonical\" href=\"https:\/\/ozanamiron.ro\/blog\/politica-de-confidentialitate\/\" \/>\n<meta property=\"og:locale\" content=\"en_US\" \/>\n<meta property=\"og:type\" content=\"article\" \/>\n<meta property=\"og:title\" content=\"Politica de confiden\u021bialitate - Ozana Miron\" \/>\n<meta property=\"og:description\" content=\"Aici g\u0103si\u021bi informa\u021bii despre ce, cum, pentru ce \u0219i c\u00e2t timp sunt folosite datele dvs. personale, \u0219i despre drepturile pe care le ave\u021bi.\" \/>\n<meta property=\"og:url\" content=\"https:\/\/ozanamiron.ro\/blog\/politica-de-confidentialitate\/\" \/>\n<meta property=\"og:site_name\" content=\"Ozana Miron\" \/>\n<meta property=\"article:publisher\" content=\"https:\/\/www.facebook.com\/Psihoterapeut.Ozana.Miron\/\" \/>\n<meta property=\"article:modified_time\" content=\"2023-06-24T14:27:55+00:00\" \/>\n<meta name=\"twitter:label1\" content=\"Est. reading time\" \/>\n\t<meta name=\"twitter:data1\" content=\"7 minutes\" \/>\n<script type=\"application\/ld+json\" class=\"yoast-schema-graph\">{\"@context\":\"https:\/\/schema.org\",\"@graph\":[{\"@type\":\"WebPage\",\"@id\":\"https:\/\/ozanamiron.ro\/blog\/politica-de-confidentialitate\/\",\"url\":\"https:\/\/ozanamiron.ro\/blog\/politica-de-confidentialitate\/\",\"name\":\"Politica de confiden\u021bialitate - Ozana Miron\",\"isPartOf\":{\"@id\":\"https:\/\/ozanamiron.ro\/blog\/#website\"},\"datePublished\":\"2023-05-31T18:49:21+00:00\",\"dateModified\":\"2023-06-24T14:27:55+00:00\",\"description\":\"Aici g\u0103si\u021bi informa\u021bii despre ce, cum, pentru ce \u0219i c\u00e2t timp sunt folosite datele dvs. personale, \u0219i despre drepturile pe care le ave\u021bi.\",\"breadcrumb\":{\"@id\":\"https:\/\/ozanamiron.ro\/blog\/politica-de-confidentialitate\/#breadcrumb\"},\"inLanguage\":\"en-US\",\"potentialAction\":[{\"@type\":\"ReadAction\",\"target\":[\"https:\/\/ozanamiron.ro\/blog\/politica-de-confidentialitate\/\"]}]},{\"@type\":\"BreadcrumbList\",\"@id\":\"https:\/\/ozanamiron.ro\/blog\/politica-de-confidentialitate\/#breadcrumb\",\"itemListElement\":[{\"@type\":\"ListItem\",\"position\":1,\"name\":\"Home\",\"item\":\"https:\/\/ozanamiron.ro\/blog\/\"},{\"@type\":\"ListItem\",\"position\":2,\"name\":\"Politica de confiden\u021bialitate\"}]},{\"@type\":\"WebSite\",\"@id\":\"https:\/\/ozanamiron.ro\/blog\/#website\",\"url\":\"https:\/\/ozanamiron.ro\/blog\/\",\"name\":\"Ozana Miron\",\"description\":\"Din pasiune, despre psihoterapia centrat\u0103 pe persoan\u0103.\",\"publisher\":{\"@id\":\"https:\/\/ozanamiron.ro\/blog\/#organization\"},\"potentialAction\":[{\"@type\":\"SearchAction\",\"target\":{\"@type\":\"EntryPoint\",\"urlTemplate\":\"https:\/\/ozanamiron.ro\/blog\/?s={search_term_string}\"},\"query-input\":{\"@type\":\"PropertyValueSpecification\",\"valueRequired\":true,\"valueName\":\"search_term_string\"}}],\"inLanguage\":\"en-US\"},{\"@type\":\"Organization\",\"@id\":\"https:\/\/ozanamiron.ro\/blog\/#organization\",\"name\":\"Ozana Miron\",\"url\":\"https:\/\/ozanamiron.ro\/blog\/\",\"logo\":{\"@type\":\"ImageObject\",\"inLanguage\":\"en-US\",\"@id\":\"https:\/\/ozanamiron.ro\/blog\/#\/schema\/logo\/image\/\",\"url\":\"https:\/\/i0.wp.com\/ozanamiron.ro\/blog\/wp-content\/uploads\/2015\/03\/copac-si-nori.jpg?fit=1080%2C1920&ssl=1\",\"contentUrl\":\"https:\/\/i0.wp.com\/ozanamiron.ro\/blog\/wp-content\/uploads\/2015\/03\/copac-si-nori.jpg?fit=1080%2C1920&ssl=1\",\"width\":1080,\"height\":1920,\"caption\":\"Ozana Miron\"},\"image\":{\"@id\":\"https:\/\/ozanamiron.ro\/blog\/#\/schema\/logo\/image\/\"},\"sameAs\":[\"https:\/\/www.facebook.com\/Psihoterapeut.Ozana.Miron\/\"]}]}<\/script>\n<!-- \/ Yoast SEO plugin. -->","yoast_head_json":{"title":"Politica de confiden\u021bialitate - Ozana Miron","description":"Aici g\u0103si\u021bi informa\u021bii despre ce, cum, pentru ce \u0219i c\u00e2t timp sunt folosite datele dvs. personale, \u0219i despre drepturile pe care le ave\u021bi.","robots":{"index":"index","follow":"follow","max-snippet":"max-snippet:-1","max-image-preview":"max-image-preview:large","max-video-preview":"max-video-preview:-1"},"canonical":"https:\/\/ozanamiron.ro\/blog\/politica-de-confidentialitate\/","og_locale":"en_US","og_type":"article","og_title":"Politica de confiden\u021bialitate - Ozana Miron","og_description":"Aici g\u0103si\u021bi informa\u021bii despre ce, cum, pentru ce \u0219i c\u00e2t timp sunt folosite datele dvs. personale, \u0219i despre drepturile pe care le ave\u021bi.","og_url":"https:\/\/ozanamiron.ro\/blog\/politica-de-confidentialitate\/","og_site_name":"Ozana Miron","article_publisher":"https:\/\/www.facebook.com\/Psihoterapeut.Ozana.Miron\/","article_modified_time":"2023-06-24T14:27:55+00:00","twitter_misc":{"Est. reading time":"7 minutes"},"schema":{"@context":"https:\/\/schema.org","@graph":[{"@type":"WebPage","@id":"https:\/\/ozanamiron.ro\/blog\/politica-de-confidentialitate\/","url":"https:\/\/ozanamiron.ro\/blog\/politica-de-confidentialitate\/","name":"Politica de confiden\u021bialitate - Ozana Miron","isPartOf":{"@id":"https:\/\/ozanamiron.ro\/blog\/#website"},"datePublished":"2023-05-31T18:49:21+00:00","dateModified":"2023-06-24T14:27:55+00:00","description":"Aici g\u0103si\u021bi informa\u021bii despre ce, cum, pentru ce \u0219i c\u00e2t timp sunt folosite datele dvs. personale, \u0219i despre drepturile pe care le ave\u021bi.","breadcrumb":{"@id":"https:\/\/ozanamiron.ro\/blog\/politica-de-confidentialitate\/#breadcrumb"},"inLanguage":"en-US","potentialAction":[{"@type":"ReadAction","target":["https:\/\/ozanamiron.ro\/blog\/politica-de-confidentialitate\/"]}]},{"@type":"BreadcrumbList","@id":"https:\/\/ozanamiron.ro\/blog\/politica-de-confidentialitate\/#breadcrumb","itemListElement":[{"@type":"ListItem","position":1,"name":"Home","item":"https:\/\/ozanamiron.ro\/blog\/"},{"@type":"ListItem","position":2,"name":"Politica de confiden\u021bialitate"}]},{"@type":"WebSite","@id":"https:\/\/ozanamiron.ro\/blog\/#website","url":"https:\/\/ozanamiron.ro\/blog\/","name":"Ozana Miron","description":"Din pasiune, despre psihoterapia centrat\u0103 pe persoan\u0103.","publisher":{"@id":"https:\/\/ozanamiron.ro\/blog\/#organization"},"potentialAction":[{"@type":"SearchAction","target":{"@type":"EntryPoint","urlTemplate":"https:\/\/ozanamiron.ro\/blog\/?s={search_term_string}"},"query-input":{"@type":"PropertyValueSpecification","valueRequired":true,"valueName":"search_term_string"}}],"inLanguage":"en-US"},{"@type":"Organization","@id":"https:\/\/ozanamiron.ro\/blog\/#organization","name":"Ozana Miron","url":"https:\/\/ozanamiron.ro\/blog\/","logo":{"@type":"ImageObject","inLanguage":"en-US","@id":"https:\/\/ozanamiron.ro\/blog\/#\/schema\/logo\/image\/","url":"https:\/\/i0.wp.com\/ozanamiron.ro\/blog\/wp-content\/uploads\/2015\/03\/copac-si-nori.jpg?fit=1080%2C1920&ssl=1","contentUrl":"https:\/\/i0.wp.com\/ozanamiron.ro\/blog\/wp-content\/uploads\/2015\/03\/copac-si-nori.jpg?fit=1080%2C1920&ssl=1","width":1080,"height":1920,"caption":"Ozana Miron"},"image":{"@id":"https:\/\/ozanamiron.ro\/blog\/#\/schema\/logo\/image\/"},"sameAs":["https:\/\/www.facebook.com\/Psihoterapeut.Ozana.Miron\/"]}]}},"jetpack_sharing_enabled":true,"jetpack_shortlink":"https:\/\/wp.me\/P5O37M-4v","_links":{"self":[{"href":"https:\/\/ozanamiron.ro\/blog\/wp-json\/wp\/v2\/pages\/279"}],"collection":[{"href":"https:\/\/ozanamiron.ro\/blog\/wp-json\/wp\/v2\/pages"}],"about":[{"href":"https:\/\/ozanamiron.ro\/blog\/wp-json\/wp\/v2\/types\/page"}],"author":[{"embeddable":true,"href":"https:\/\/ozanamiron.ro\/blog\/wp-json\/wp\/v2\/users\/1"}],"replies":[{"embeddable":true,"href":"https:\/\/ozanamiron.ro\/blog\/wp-json\/wp\/v2\/comments?post=279"}],"version-history":[{"count":7,"href":"https:\/\/ozanamiron.ro\/blog\/wp-json\/wp\/v2\/pages\/279\/revisions"}],"predecessor-version":[{"id":436,"href":"https:\/\/ozanamiron.ro\/blog\/wp-json\/wp\/v2\/pages\/279\/revisions\/436"}],"wp:attachment":[{"href":"https:\/\/ozanamiron.ro\/blog\/wp-json\/wp\/v2\/media?parent=279"}],"curies":[{"name":"wp","href":"https:\/\/api.w.org\/{rel}","templated":true}]}}