{"id":2,"date":"2015-02-25T12:30:36","date_gmt":"2015-02-25T12:30:36","guid":{"rendered":"http:\/\/ozananitulescu.ro\/blog\/?page_id=2"},"modified":"2023-05-31T23:23:15","modified_gmt":"2023-05-31T20:23:15","slug":"despre-acest-site","status":"publish","type":"page","link":"https:\/\/ozanamiron.ro\/blog\/despre-acest-site\/","title":{"rendered":"Despre acest site"},"content":{"rendered":"<p>Acesta este un blog ata\u0219at site-ului principal, <a href=\"https:\/\/ozanamiron.ro\" target=\"_blank\" rel=\"noopener\">ozanamiron.ro<\/a>.<\/p>\n<p>Site-ul principal cuprinde informa\u021bii despre mine, Ozana Miron, \u0219i despre parcursul meu ca psihoterapeut, despre psihoterapia centrat\u0103 pe persoan\u0103, precum \u0219i alte informa\u021bii utile despre ce este de a\u0219teptat at\u00e2t la o prim\u0103 \u0219edin\u021b\u0103, c\u00e2t \u0219i \u00een timpul unui proces psihoterapeutic \u00een aceast\u0103 modalitate. Sunt oferite de asemenea informa\u021bii de baz\u0103 legate de cadrul \u00een care se desf\u0103\u0219oare \u0219edin\u021bele.<\/p>\n<p>Acest blog este un spa\u021biu \u00een care scriu articole sub form\u0103 de eseu despre diferite concepte teoretice \u0219i alte teme de interes pentru mine, care m\u0103 preocup\u0103 \u0219i consider c\u0103 au leg\u0103tur\u0103 cu profesia mea. De asemenea, am mai postat aici anun\u021buri despre grupurile pe care le-am \u021binut \u0219i formulare de \u00eenscriere, \u0219i \u00eemi place s\u0103 folosesc acest blog \u0219i pentru a \u021bine mai \u00eendeaproape leg\u0103tura cu persoane care poate nu doresc s\u0103 \u00eenceap\u0103 un proces psihoterapeutic, dar sunt interesate de psihoterapie \u0219i de perspectivele pe care le poate ea aduce asupra oamenilor \u0219i a lumii.<\/p>\n<p>Dac\u0103 vre\u021bi s\u0103 intra\u021bi mai direct \u00een leg\u0103tur\u0103 cu mine, m\u0103 g\u0103si\u021bi la contact@ozanamiron.ro \u0219i la 0040727909386. Lucrez \u0219i online, dar fizic m\u0103 g\u0103si\u021bi la cabinetul meu din Bra\u0219ov, ora\u0219ul \u00een care locuiesc, \u0219i care se afl\u0103 pe strada Papiu Ilarian la num\u0103rul 1.<\/p>\n","protected":false},"excerpt":{"rendered":"<p>Acesta este un blog ata\u0219at site-ului principal, ozanamiron.ro. Site-ul principal cuprinde informa\u021bii despre mine, Ozana Miron, \u0219i despre parcursul meu ca psihoterapeut, despre psihoterapia centrat\u0103 pe persoan\u0103, precum \u0219i alte informa\u021bii utile despre ce este de a\u0219teptat at\u00e2t la o prim\u0103 \u0219edin\u021b\u0103, c\u00e2t \u0219i \u00een timpul unui proces psihoterapeutic \u00een aceast\u0103 modalitate. Sunt oferite de &hellip; <a href=\"https:\/\/ozanamiron.ro\/blog\/despre-acest-site\/\" class=\"more-link\">Continue reading <span class=\"screen-reader-text\">Despre acest site<\/span><\/a><\/p>\n","protected":false},"author":1,"featured_media":0,"parent":0,"menu_order":0,"comment_status":"open","ping_status":"open","template":"","meta":{"jetpack_post_was_ever_published":false,"footnotes":""},"yoast_head":"<!-- This site is optimized with the Yoast SEO plugin v24.5 - https:\/\/yoast.com\/wordpress\/plugins\/seo\/ -->\n<title>Despre acest site - Ozana Miron<\/title>\n<meta name=\"description\" content=\"O descriere succint\u0103 despre ce g\u0103si\u021bi \u00een site-ul meu principal \u0219i pe acest blog, \u0219i care sunt datele mele de contact.\" \/>\n<meta name=\"robots\" content=\"index, follow, max-snippet:-1, max-image-preview:large, max-video-preview:-1\" \/>\n<link rel=\"canonical\" href=\"https:\/\/ozanamiron.ro\/blog\/despre-acest-site\/\" \/>\n<meta property=\"og:locale\" content=\"en_US\" \/>\n<meta property=\"og:type\" content=\"article\" \/>\n<meta property=\"og:title\" content=\"Despre acest site - Ozana Miron\" \/>\n<meta property=\"og:description\" content=\"O descriere succint\u0103 despre ce g\u0103si\u021bi \u00een site-ul meu principal \u0219i pe acest blog, \u0219i care sunt datele mele de contact.\" \/>\n<meta property=\"og:url\" content=\"https:\/\/ozanamiron.ro\/blog\/despre-acest-site\/\" \/>\n<meta property=\"og:site_name\" content=\"Ozana Miron\" \/>\n<meta property=\"article:publisher\" content=\"https:\/\/www.facebook.com\/Psihoterapeut.Ozana.Miron\/\" \/>\n<meta property=\"article:modified_time\" content=\"2023-05-31T20:23:15+00:00\" \/>\n<meta name=\"twitter:label1\" content=\"Est. reading time\" \/>\n\t<meta name=\"twitter:data1\" content=\"1 minute\" \/>\n<script type=\"application\/ld+json\" class=\"yoast-schema-graph\">{\"@context\":\"https:\/\/schema.org\",\"@graph\":[{\"@type\":\"WebPage\",\"@id\":\"https:\/\/ozanamiron.ro\/blog\/despre-acest-site\/\",\"url\":\"https:\/\/ozanamiron.ro\/blog\/despre-acest-site\/\",\"name\":\"Despre acest site - Ozana Miron\",\"isPartOf\":{\"@id\":\"https:\/\/ozanamiron.ro\/blog\/#website\"},\"datePublished\":\"2015-02-25T12:30:36+00:00\",\"dateModified\":\"2023-05-31T20:23:15+00:00\",\"description\":\"O descriere succint\u0103 despre ce g\u0103si\u021bi \u00een site-ul meu principal \u0219i pe acest blog, \u0219i care sunt datele mele de contact.\",\"breadcrumb\":{\"@id\":\"https:\/\/ozanamiron.ro\/blog\/despre-acest-site\/#breadcrumb\"},\"inLanguage\":\"en-US\",\"potentialAction\":[{\"@type\":\"ReadAction\",\"target\":[\"https:\/\/ozanamiron.ro\/blog\/despre-acest-site\/\"]}]},{\"@type\":\"BreadcrumbList\",\"@id\":\"https:\/\/ozanamiron.ro\/blog\/despre-acest-site\/#breadcrumb\",\"itemListElement\":[{\"@type\":\"ListItem\",\"position\":1,\"name\":\"Home\",\"item\":\"https:\/\/ozanamiron.ro\/blog\/\"},{\"@type\":\"ListItem\",\"position\":2,\"name\":\"Despre acest site\"}]},{\"@type\":\"WebSite\",\"@id\":\"https:\/\/ozanamiron.ro\/blog\/#website\",\"url\":\"https:\/\/ozanamiron.ro\/blog\/\",\"name\":\"Ozana Miron\",\"description\":\"Din pasiune, despre psihoterapia centrat\u0103 pe persoan\u0103.\",\"publisher\":{\"@id\":\"https:\/\/ozanamiron.ro\/blog\/#organization\"},\"potentialAction\":[{\"@type\":\"SearchAction\",\"target\":{\"@type\":\"EntryPoint\",\"urlTemplate\":\"https:\/\/ozanamiron.ro\/blog\/?s={search_term_string}\"},\"query-input\":{\"@type\":\"PropertyValueSpecification\",\"valueRequired\":true,\"valueName\":\"search_term_string\"}}],\"inLanguage\":\"en-US\"},{\"@type\":\"Organization\",\"@id\":\"https:\/\/ozanamiron.ro\/blog\/#organization\",\"name\":\"Ozana Miron\",\"url\":\"https:\/\/ozanamiron.ro\/blog\/\",\"logo\":{\"@type\":\"ImageObject\",\"inLanguage\":\"en-US\",\"@id\":\"https:\/\/ozanamiron.ro\/blog\/#\/schema\/logo\/image\/\",\"url\":\"https:\/\/i0.wp.com\/ozanamiron.ro\/blog\/wp-content\/uploads\/2015\/03\/copac-si-nori.jpg?fit=1080%2C1920&ssl=1\",\"contentUrl\":\"https:\/\/i0.wp.com\/ozanamiron.ro\/blog\/wp-content\/uploads\/2015\/03\/copac-si-nori.jpg?fit=1080%2C1920&ssl=1\",\"width\":1080,\"height\":1920,\"caption\":\"Ozana Miron\"},\"image\":{\"@id\":\"https:\/\/ozanamiron.ro\/blog\/#\/schema\/logo\/image\/\"},\"sameAs\":[\"https:\/\/www.facebook.com\/Psihoterapeut.Ozana.Miron\/\"]}]}<\/script>\n<!-- \/ Yoast SEO plugin. -->","yoast_head_json":{"title":"Despre acest site - Ozana Miron","description":"O descriere succint\u0103 despre ce g\u0103si\u021bi \u00een site-ul meu principal \u0219i pe acest blog, \u0219i care sunt datele mele de contact.","robots":{"index":"index","follow":"follow","max-snippet":"max-snippet:-1","max-image-preview":"max-image-preview:large","max-video-preview":"max-video-preview:-1"},"canonical":"https:\/\/ozanamiron.ro\/blog\/despre-acest-site\/","og_locale":"en_US","og_type":"article","og_title":"Despre acest site - Ozana Miron","og_description":"O descriere succint\u0103 despre ce g\u0103si\u021bi \u00een site-ul meu principal \u0219i pe acest blog, \u0219i care sunt datele mele de contact.","og_url":"https:\/\/ozanamiron.ro\/blog\/despre-acest-site\/","og_site_name":"Ozana Miron","article_publisher":"https:\/\/www.facebook.com\/Psihoterapeut.Ozana.Miron\/","article_modified_time":"2023-05-31T20:23:15+00:00","twitter_misc":{"Est. reading time":"1 minute"},"schema":{"@context":"https:\/\/schema.org","@graph":[{"@type":"WebPage","@id":"https:\/\/ozanamiron.ro\/blog\/despre-acest-site\/","url":"https:\/\/ozanamiron.ro\/blog\/despre-acest-site\/","name":"Despre acest site - Ozana Miron","isPartOf":{"@id":"https:\/\/ozanamiron.ro\/blog\/#website"},"datePublished":"2015-02-25T12:30:36+00:00","dateModified":"2023-05-31T20:23:15+00:00","description":"O descriere succint\u0103 despre ce g\u0103si\u021bi \u00een site-ul meu principal \u0219i pe acest blog, \u0219i care sunt datele mele de contact.","breadcrumb":{"@id":"https:\/\/ozanamiron.ro\/blog\/despre-acest-site\/#breadcrumb"},"inLanguage":"en-US","potentialAction":[{"@type":"ReadAction","target":["https:\/\/ozanamiron.ro\/blog\/despre-acest-site\/"]}]},{"@type":"BreadcrumbList","@id":"https:\/\/ozanamiron.ro\/blog\/despre-acest-site\/#breadcrumb","itemListElement":[{"@type":"ListItem","position":1,"name":"Home","item":"https:\/\/ozanamiron.ro\/blog\/"},{"@type":"ListItem","position":2,"name":"Despre acest site"}]},{"@type":"WebSite","@id":"https:\/\/ozanamiron.ro\/blog\/#website","url":"https:\/\/ozanamiron.ro\/blog\/","name":"Ozana Miron","description":"Din pasiune, despre psihoterapia centrat\u0103 pe persoan\u0103.","publisher":{"@id":"https:\/\/ozanamiron.ro\/blog\/#organization"},"potentialAction":[{"@type":"SearchAction","target":{"@type":"EntryPoint","urlTemplate":"https:\/\/ozanamiron.ro\/blog\/?s={search_term_string}"},"query-input":{"@type":"PropertyValueSpecification","valueRequired":true,"valueName":"search_term_string"}}],"inLanguage":"en-US"},{"@type":"Organization","@id":"https:\/\/ozanamiron.ro\/blog\/#organization","name":"Ozana Miron","url":"https:\/\/ozanamiron.ro\/blog\/","logo":{"@type":"ImageObject","inLanguage":"en-US","@id":"https:\/\/ozanamiron.ro\/blog\/#\/schema\/logo\/image\/","url":"https:\/\/i0.wp.com\/ozanamiron.ro\/blog\/wp-content\/uploads\/2015\/03\/copac-si-nori.jpg?fit=1080%2C1920&ssl=1","contentUrl":"https:\/\/i0.wp.com\/ozanamiron.ro\/blog\/wp-content\/uploads\/2015\/03\/copac-si-nori.jpg?fit=1080%2C1920&ssl=1","width":1080,"height":1920,"caption":"Ozana Miron"},"image":{"@id":"https:\/\/ozanamiron.ro\/blog\/#\/schema\/logo\/image\/"},"sameAs":["https:\/\/www.facebook.com\/Psihoterapeut.Ozana.Miron\/"]}]}},"jetpack_sharing_enabled":true,"jetpack_shortlink":"https:\/\/wp.me\/P5O37M-2","_links":{"self":[{"href":"https:\/\/ozanamiron.ro\/blog\/wp-json\/wp\/v2\/pages\/2"}],"collection":[{"href":"https:\/\/ozanamiron.ro\/blog\/wp-json\/wp\/v2\/pages"}],"about":[{"href":"https:\/\/ozanamiron.ro\/blog\/wp-json\/wp\/v2\/types\/page"}],"author":[{"embeddable":true,"href":"https:\/\/ozanamiron.ro\/blog\/wp-json\/wp\/v2\/users\/1"}],"replies":[{"embeddable":true,"href":"https:\/\/ozanamiron.ro\/blog\/wp-json\/wp\/v2\/comments?post=2"}],"version-history":[{"count":6,"href":"https:\/\/ozanamiron.ro\/blog\/wp-json\/wp\/v2\/pages\/2\/revisions"}],"predecessor-version":[{"id":427,"href":"https:\/\/ozanamiron.ro\/blog\/wp-json\/wp\/v2\/pages\/2\/revisions\/427"}],"wp:attachment":[{"href":"https:\/\/ozanamiron.ro\/blog\/wp-json\/wp\/v2\/media?parent=2"}],"curies":[{"name":"wp","href":"https:\/\/api.w.org\/{rel}","templated":true}]}}